{"id":908,"date":"2024-10-26T14:58:40","date_gmt":"2024-10-26T14:58:40","guid":{"rendered":"https:\/\/test.tziconsulting.com\/about\/"},"modified":"2025-03-11T11:02:31","modified_gmt":"2025-03-11T11:02:31","slug":"about","status":"publish","type":"page","link":"https:\/\/exciting-heisenberg.154-53-162-221.plesk.page\/tr\/about\/","title":{"rendered":"Hakk\u0131nda"},"content":{"rendered":"<div class=\"wp-block-uagb-container uagb-layout-grid uagb-block-e65fdd54 alignfull uagb-is-root-container\"><div class=\"uagb-container-inner-blocks-wrap\"><div class=\"wp-block-uagb-info-box uagb-block-785aba8e uagb-infobox__content-wrap  uagb-infobox-icon-above-title uagb-infobox-image-valign-top wp-block-uagb-info-box--has-margin\"><div class=\"uagb-infobox-margin-wrapper\"><div class=\"uagb-ifb-content\"><div class=\"uagb-ifb-title-wrap\"><h6 class=\"uagb-ifb-title-prefix\">\u015eirket Hakk\u0131nda<\/h6><h2 class=\"uagb-ifb-title\">Profesyonel ve Uzman Dan\u0131\u015fmanl\u0131k<\/h2><\/div><p class=\"uagb-ifb-desc\">Dan\u0131\u015fmanl\u0131k ve deneyimli uzmanlar\u0131n rehberli\u011fi, i\u015f geli\u015ftirmeden teknik yenili\u011fe kadar \u00e7e\u015fitli alanlarda ba\u015far\u0131ya ula\u015fmak i\u00e7in \u00e7ok \u00f6nemlidir. Deneyimli dan\u0131\u015fmanlar, benzer zorluklarla ba\u015fa \u00e7\u0131karken elde ettikleri bilgi birikimi, en iyi uygulamalar ve i\u00e7g\u00f6r\u00fcleri sunar. Objektif analizleri, organizasyonlar\u0131n eksiklikleri belirlemelerine, operasyonlar\u0131 iyile\u015ftirmelerine ve etkili stratejiler uygulamalar\u0131na yard\u0131mc\u0131 olarak zaman ve kaynak tasarrufu sa\u011flar. Ayr\u0131ca, dan\u0131\u015fmanlar \u00f6zel \u00e7\u00f6z\u00fcmler sunarak, benzersiz senaryolara uyum sa\u011flanmas\u0131n\u0131 ve bilin\u00e7li kararlar al\u0131nmas\u0131n\u0131 sa\u011flar. Uzmanl\u0131klar\u0131ndan yararlanmak, ekiplerin riskleri azaltmalar\u0131na, f\u0131rsatlar\u0131 de\u011ferlendirmelerine ve dinamik ortamlarda rekabet\u00e7i kalmalar\u0131na yard\u0131mc\u0131 olur; bu da dan\u0131\u015fmanl\u0131\u011f\u0131, karma\u015f\u0131kl\u0131klar\u0131 a\u015fmada ve s\u00fcrd\u00fcr\u00fclebilir b\u00fcy\u00fcmeyi te\u015fvik etmede de\u011ferli bir ara\u00e7 haline getirir.<\/p><div class=\"uagb-ifb-button-wrapper wp-block-button\"><a href=\"#\" class=\"uagb-infobox-cta-link wp-block-button__link\" target=\"_self\" rel=\"noopener noreferrer\" onclick=\"return false;\"><span class=\"uagb-inline-editing\">Devam\u0131n\u0131 Oku<\/span><\/a><\/div><\/div><\/div><\/div>\n\n<div class=\"wp-block-uagb-container uagb-block-43110f3c\"><div class=\"wp-block-uagb-advanced-heading uagb-block-76216536\"><p class=\"uagb-heading-text\">TZi Consulting, \u0130stanbul, T\u00fcrkiye merkezli \u00e7ok disiplinli bir m\u00fchendislik dan\u0131\u015fmanl\u0131k firmas\u0131d\u0131r. Geni\u015f bir m\u00fchendislik projeleri yelpazesinde uzman dan\u0131\u015fmanl\u0131k ve \u00e7\u00f6z\u00fcmler sunmaktad\u0131rlar. Hizmetleri aras\u0131nda proje y\u00f6netimi, fizibilite \u00e7al\u0131\u015fmalar\u0131, tasar\u0131m m\u00fchendisli\u011fi ve proje denetimi yer almaktad\u0131r. TZi Consulting, m\u00fc\u015fterilerine y\u00fcksek kaliteli, yenilik\u00e7i ve s\u00fcrd\u00fcr\u00fclebilir \u00e7\u00f6z\u00fcmler sunmaya kararl\u0131d\u0131r.<\/p><\/div>\n\n<div class=\"wp-block-uagb-info-box uagb-block-6d9396c7 uagb-infobox__content-wrap  uagb-infobox-icon-left uagb-infobox-left uagb-infobox-image-valign-middle wp-block-uagb-info-box--has-margin\"><div class=\"uagb-infobox-margin-wrapper\"><div class=\"uagb-ifb-image-content\"><img decoding=\"async\" src=\"https:\/\/exciting-heisenberg.154-53-162-221.plesk.page\/wp-content\/uploads\/2024\/12\/indir-150x150.jpg\" alt=\"\" width=\"115\" height=\"115\" loading=\"lazy\"\/><\/div><div class=\"uagb-ifb-content\"><div class=\"uagb-ifb-title-wrap\"><h6 class=\"uagb-ifb-title\"><strong>Ramazan Yaman\u200b<\/strong><\/h6><\/div><p class=\"uagb-ifb-desc\">KURUCU<\/p><\/div><\/div><\/div>\n\n<div class=\"wp-block-uagb-advanced-heading uagb-block-1fbb7f32\"><h6 class=\"uagb-heading-text\"><strong>Yard\u0131ma m\u0131 ihtiyac\u0131n\u0131z var? Benimle ileti\u015fime ge\u00e7in<\/strong><\/h6><p class=\"uagb-desc-text\">+90 542 485 86 49 veya info@tziconsulting.com<\/p><\/div><\/div><\/div><\/div><div class=\"wp-block-uagb-container uagb-block-0ed09c6d alignfull uagb-is-root-container\"><div class=\"uagb-container-inner-blocks-wrap\"><div class=\"wp-block-uagb-info-box uagb-block-f774142d uagb-infobox__content-wrap  uagb-infobox-icon-above-title uagb-infobox-image-valign-top wp-block-uagb-info-box--has-margin\"><div class=\"uagb-infobox-margin-wrapper\"><div class=\"uagb-ifb-content\"><div class=\"uagb-ifb-title-wrap\"><h6 class=\"uagb-ifb-title-prefix\">Ge\u00e7mi\u015fimiz<\/h6><h2 class=\"uagb-ifb-title\">Teknoloji Temelli Hizmetlerde \u00dcst\u00fcn Ba\u015far\u0131<\/h2><\/div><\/div><\/div><\/div>\n\n<div class=\"wp-block-uagb-container uagb-block-e2b8efb1\"><div class=\"wp-block-uagb-container uagb-block-c8f2ad10\"><div class=\"wp-block-media-text is-stacked-on-mobile\" style=\"grid-template-columns:25% auto\"><figure class=\"wp-block-media-text__media\"><img loading=\"lazy\" decoding=\"async\" width=\"250\" height=\"200\" src=\"https:\/\/exciting-heisenberg.154-53-162-221.plesk.page\/wp-content\/uploads\/2024\/12\/energy_about_tzi.jpg\" alt=\"\" class=\"wp-image-1768 size-full\" srcset=\"https:\/\/exciting-heisenberg.154-53-162-221.plesk.page\/wp-content\/uploads\/2024\/12\/energy_about_tzi.jpg 250w, https:\/\/exciting-heisenberg.154-53-162-221.plesk.page\/wp-content\/uploads\/2024\/12\/energy_about_tzi-15x12.jpg 15w\" sizes=\"auto, (max-width: 250px) 100vw, 250px\" \/><\/figure><div class=\"wp-block-media-text__content\"><p class=\"has-ast-global-color-5-color has-text-color has-link-color wp-elements-f77f5ece72a1b693680356dc7cf7de88\">Enerji toplama, da\u011f\u0131t\u0131m ve depolama teknolojileri, s\u00fcrd\u00fcr\u00fclebilir bir gelecek i\u00e7in hayati \u00f6nem ta\u015f\u0131maktad\u0131r. G\u00fcne\u015f, r\u00fczgar ve termal gibi \u00e7e\u015fitli kaynaklardan enerji toplayarak fosil yak\u0131tlara olan ba\u011f\u0131ml\u0131l\u0131\u011f\u0131m\u0131z\u0131 azaltabilir ve iklim de\u011fi\u015fikli\u011fini hafifletebiliriz.<sup> 1<\/sup> Efficient distribution systems ensure that this harvested energy reaches where it&#8217;s needed, while advanced storage solutions like batteries and hydrogen fuel cells enable us to store excess energy for later use, addressing the intermittent nature of renewable sources. This integrated approach empowers us to build a resilient and eco-friendly energy infrastructure.<\/p><\/div><\/div><\/div><\/div>\n\n<div class=\"wp-block-uagb-info-box uagb-block-dd0be90f uagb-infobox__content-wrap  uagb-infobox-icon-above-title uagb-infobox-image-valign-top wp-block-uagb-info-box--has-margin ticss-b5cffe2c\"><div class=\"uagb-infobox-margin-wrapper\"><div class=\"uagb-ifb-content\"><div class=\"uagb-ifb-title-wrap\"><h6 class=\"uagb-ifb-title-prefix\">2019 &#8211; 2025<\/h6><h3 class=\"uagb-ifb-title\">Verimli Y\u0131llar<\/h3><\/div><p class=\"uagb-ifb-desc\">Dan\u0131\u015fmanl\u0131k, yaln\u0131zca bir \u015firketin varolu\u015f s\u00fcresiyle ilgili de\u011fildir. Bilgi derinli\u011fi, deneyim geni\u015fli\u011fi ve olas\u0131 sonu\u00e7lar\u0131 \u00f6ng\u00f6rebilme yetene\u011fine dayan\u0131r. Deneyimli bir dan\u0131\u015fman, \u015firketin ya\u015f\u0131 ne olursa olsun, sekt\u00f6rler, trendler ve en iyi uygulamalar konusundaki anlay\u0131\u015f\u0131n\u0131 kullanarak de\u011ferli i\u00e7g\u00f6r\u00fcler sunar. Sahip olduklar\u0131 deneyim, karma\u015f\u0131k zorluklar\u0131n \u00fcstesinden gelmelerini ve yenilik\u00e7i \u00e7\u00f6z\u00fcmler bulmalar\u0131n\u0131 sa\u011flar. Ayr\u0131ca, gelecekteki trendleri ve riskleri \u00f6ng\u00f6rebilmeleri, m\u00fc\u015fterilerin s\u00fcrd\u00fcr\u00fclebilir b\u00fcy\u00fcmeyi sa\u011flayacak bilin\u00e7li kararlar almas\u0131na yard\u0131mc\u0131 olur.<\/p><div class=\"uagb-ifb-button-wrapper wp-block-button\"><a href=\"#\" class=\"uagb-infobox-cta-link wp-block-button__link\" target=\"_self\" rel=\"noopener noreferrer\" onclick=\"return false;\"><span class=\"uagb-inline-editing\">Devam\u0131n\u0131 Oku<\/span><\/a><\/div><\/div><\/div><\/div><\/div><\/div><div class=\"wp-block-uagb-container uagb-block-024903c9 alignfull uagb-is-root-container\"><div class=\"uagb-container-inner-blocks-wrap\"><div class=\"wp-block-uagb-info-box uagb-block-85e2a95b uagb-infobox__content-wrap  uagb-infobox-icon-above-title uagb-infobox-image-valign-top wp-block-uagb-info-box--has-margin\"><div class=\"uagb-infobox-margin-wrapper\"><div class=\"uagb-ifb-content\"><div class=\"uagb-ifb-title-wrap\"><h6 class=\"uagb-ifb-title-prefix\">Neden Bizi Tercih Etmelisiniz<\/h6><h2 class=\"uagb-ifb-title\">TZi\u2019yi Tercih Etme Nedenleriniz<\/h2><\/div><\/div><\/div><\/div>\n\n<div class=\"wp-block-uagb-container uagb-block-ae7e2640 alignfull uagb-is-root-container\"><div class=\"uagb-container-inner-blocks-wrap\"><div class=\"wp-block-uagb-container uagb-block-0b7d6df7\"><div class=\"wp-block-uagb-info-box uagb-block-e77757a1 uagb-infobox__content-wrap  uagb-infobox-icon-above-title uagb-infobox-image-valign-top wp-block-uagb-info-box--has-margin\"><div class=\"uagb-infobox-margin-wrapper\"><div class=\"uagb-ifb-content\"><div class=\"uagb-ifb-icon-wrap\"><svg xmlns=\"https:\/\/www.w3.org\/2000\/svg\" viewbox=\"0 0 512 512\"><path d=\"M0 256C0 114.6 114.6 0 256 0C397.4 0 512 114.6 512 256C512 397.4 397.4 512 256 512C114.6 512 0 397.4 0 256zM371.8 211.8C382.7 200.9 382.7 183.1 371.8 172.2C360.9 161.3 343.1 161.3 332.2 172.2L224 280.4L179.8 236.2C168.9 225.3 151.1 225.3 140.2 236.2C129.3 247.1 129.3 264.9 140.2 275.8L204.2 339.8C215.1 350.7 232.9 350.7 243.8 339.8L371.8 211.8z\"><\/path><\/svg><\/div><div class=\"uagb-ifb-title-wrap\"><h6 class=\"uagb-ifb-title\"><strong>Akredite \u015eirket<\/strong><\/h6><\/div><p class=\"uagb-ifb-desc\">Yetkinliklerimiz ve Akreditasyonlar\u0131m\u0131z<\/p><div class=\"uagb-ifb-button-wrapper wp-block-button\"><a href=\"#\" class=\"uagb-infobox-cta-link wp-block-button__link\" target=\"_self\" rel=\"noopener noreferrer\" onclick=\"return false;\"><span class=\"uagb-inline-editing\">Daha Fazla Bilgi Edinin<\/span><\/a><\/div><\/div><\/div><\/div><\/div>\n\n<div class=\"wp-block-uagb-container uagb-block-22c401f4\"><div class=\"wp-block-uagb-info-box uagb-block-6b3a339a uagb-infobox__content-wrap  uagb-infobox-icon-above-title uagb-infobox-image-valign-top wp-block-uagb-info-box--has-margin\"><div class=\"uagb-infobox-margin-wrapper\"><div class=\"uagb-ifb-content\"><div class=\"uagb-ifb-icon-wrap\"><svg xmlns=\"https:\/\/www.w3.org\/2000\/svg\" viewbox=\"0 0 640 512\"><path d=\"M622.3 271.1l-115.1-45.01c-4.125-1.629-12.62-3.754-22.25 0L369.8 271.1C359 275.2 352 285.1 352 295.1c0 111.6 68.75 188.8 132.9 213.9c9.625 3.75 18 1.625 22.25 0C558.4 489.9 640 420.5 640 295.1C640 285.1 633 275.2 622.3 271.1zM496 462.4V273.2l95.5 37.38C585.9 397.8 530.6 446 496 462.4zM224 256c70.7 0 128-57.31 128-128S294.7 0 224 0C153.3 0 96 57.31 96 128S153.3 256 224 256zM320.6 310.3C305.9 306.3 290.6 304 274.7 304H173.3C77.61 304 0 381.7 0 477.4C0 496.5 15.52 512 34.66 512H413.3c3.143 0 5.967-1.004 8.861-1.789C369.7 469.8 324.1 400.3 320.6 310.3z\"><\/path><\/svg><\/div><div class=\"uagb-ifb-title-wrap\"><h6 class=\"uagb-ifb-title\"><strong><strong>100% Garanti<\/strong><\/strong><\/h6><\/div><p class=\"uagb-ifb-desc\">Garanti Sistemimiz ve Uygulamas\u0131<\/p><div class=\"uagb-ifb-button-wrapper wp-block-button\"><a href=\"#\" class=\"uagb-infobox-cta-link wp-block-button__link\" target=\"_self\" rel=\"noopener noreferrer\" onclick=\"return false;\"><span class=\"uagb-inline-editing\">Daha Fazla Bilgi Edinin<\/span><\/a><\/div><\/div><\/div><\/div><\/div>\n\n<div class=\"wp-block-uagb-container uagb-block-b1eb5d6d\"><div class=\"wp-block-uagb-info-box uagb-block-b1d4fdfb uagb-infobox__content-wrap  uagb-infobox-icon-above-title uagb-infobox-image-valign-top wp-block-uagb-info-box--has-margin\"><div class=\"uagb-infobox-margin-wrapper\"><div class=\"uagb-ifb-content\"><div class=\"uagb-ifb-icon-wrap\"><svg xmlns=\"https:\/\/www.w3.org\/2000\/svg\" viewbox=\"0 0 576 512\"><path d=\"M544 280.9c0-89.17-61.83-165.4-139.6-197.4L352 174.2V49.78C352 39.91 344.1 32 334.2 32H241.8C231.9 32 224 39.91 224 49.78v124.4L171.6 83.53C93.83 115.5 32 191.7 32 280.9L31.99 352h512L544 280.9zM574.7 393.7C572.2 387.8 566.4 384 560 384h-544c-6.375 0-12.16 3.812-14.69 9.656c-2.531 5.875-1.344 12.69 3.062 17.34C7.031 413.8 72.02 480 287.1 480s280.1-66.19 283.6-69C576 406.3 577.2 399.5 574.7 393.7z\"><\/path><\/svg><\/div><div class=\"uagb-ifb-title-wrap\"><h6 class=\"uagb-ifb-title\"><strong><strong>Kalite Temelleri<\/strong><\/strong><\/h6><\/div><p class=\"uagb-ifb-desc\">Bilgi, Malzeme, Uygulama, Kontrol, \u0130zleme ve Do\u011frulama<\/p><div class=\"uagb-ifb-button-wrapper wp-block-button\"><a href=\"#\" class=\"uagb-infobox-cta-link wp-block-button__link\" target=\"_self\" rel=\"noopener noreferrer\" onclick=\"return false;\"><span class=\"uagb-inline-editing\">Daha Fazla Bilgi Edinin<\/span><\/a><\/div><\/div><\/div><\/div><\/div><\/div><\/div><\/div><\/div>","protected":false},"excerpt":{"rendered":"<p>TZi Consulting is a multidisciplinary engineering consulting firm based in Istanbul, Turkiye. They specialize in providing expert advice and solutions for a wide range of engineering projects. Their services include project management, feasibility studies, design engineering, project supervision. TZi Consulting is committed to delivering high-quality, innovative, and sustainable solutions to their clients. Need help? Contact [&hellip;]<\/p>","protected":false},"author":4,"featured_media":0,"parent":0,"menu_order":0,"comment_status":"closed","ping_status":"closed","template":"","meta":{"_uag_custom_page_level_css":"","site-sidebar-layout":"no-sidebar","site-content-layout":"plain-container","ast-site-content-layout":"normal-width-container","site-content-style":"unboxed","site-sidebar-style":"unboxed","ast-global-header-display":"","ast-banner-title-visibility":"","ast-main-header-display":"","ast-hfb-above-header-display":"","ast-hfb-below-header-display":"","ast-hfb-mobile-header-display":"","site-post-title":"disabled","ast-breadcrumbs-content":"","ast-featured-img":"disabled","footer-sml-layout":"","theme-transparent-header-meta":"enabled","adv-header-id-meta":"","stick-header-meta":"","header-above-stick-meta":"","header-main-stick-meta":"","header-below-stick-meta":"","astra-migrate-meta-layouts":"set","ast-page-background-enabled":"default","ast-page-background-meta":{"desktop":{"background-color":"","background-image":"","background-repeat":"repeat","background-position":"center center","background-size":"auto","background-attachment":"scroll","background-type":"","background-media":"","overlay-type":"","overlay-color":"","overlay-opacity":"","overlay-gradient":""},"tablet":{"background-color":"","background-image":"","background-repeat":"repeat","background-position":"center center","background-size":"auto","background-attachment":"scroll","background-type":"","background-media":"","overlay-type":"","overlay-color":"","overlay-opacity":"","overlay-gradient":""},"mobile":{"background-color":"","background-image":"","background-repeat":"repeat","background-position":"center center","background-size":"auto","background-attachment":"scroll","background-type":"","background-media":"","overlay-type":"","overlay-color":"","overlay-opacity":"","overlay-gradient":""}},"ast-content-background-meta":{"desktop":{"background-color":"var(--ast-global-color-5)","background-image":"","background-repeat":"repeat","background-position":"center center","background-size":"auto","background-attachment":"scroll","background-type":"","background-media":"","overlay-type":"","overlay-color":"","overlay-opacity":"","overlay-gradient":""},"tablet":{"background-color":"var(--ast-global-color-5)","background-image":"","background-repeat":"repeat","background-position":"center center","background-size":"auto","background-attachment":"scroll","background-type":"","background-media":"","overlay-type":"","overlay-color":"","overlay-opacity":"","overlay-gradient":""},"mobile":{"background-color":"var(--ast-global-color-5)","background-image":"","background-repeat":"repeat","background-position":"center center","background-size":"auto","background-attachment":"scroll","background-type":"","background-media":"","overlay-type":"","overlay-color":"","overlay-opacity":"","overlay-gradient":""}},"_themeisle_gutenberg_block_has_review":false,"iawp_total_views":2,"footnotes":""},"class_list":["post-908","page","type-page","status-publish","hentry"],"uagb_featured_image_src":{"full":false,"thumbnail":false,"medium":false,"medium_large":false,"large":false,"1536x1536":false,"2048x2048":false,"trp-custom-language-flag":false,"woocommerce_thumbnail":false,"woocommerce_single":false,"woocommerce_gallery_thumbnail":false},"uagb_author_info":{"display_name":"batuhan.gumus","author_link":"https:\/\/exciting-heisenberg.154-53-162-221.plesk.page\/tr\/author\/batuhan-gumus\/"},"uagb_comment_info":0,"uagb_excerpt":"TZi Consulting is a multidisciplinary engineering consulting firm based in Istanbul, Turkiye. They specialize in providing expert advice and solutions for a wide range of engineering projects. Their services include project management, feasibility studies, design engineering, project supervision. TZi Consulting is committed to delivering high-quality, innovative, and sustainable solutions to their clients. Need help? Contact&hellip;","jetpack_sharing_enabled":true,"_links":{"self":[{"href":"https:\/\/exciting-heisenberg.154-53-162-221.plesk.page\/tr\/wp-json\/wp\/v2\/pages\/908","targetHints":{"allow":["GET"]}}],"collection":[{"href":"https:\/\/exciting-heisenberg.154-53-162-221.plesk.page\/tr\/wp-json\/wp\/v2\/pages"}],"about":[{"href":"https:\/\/exciting-heisenberg.154-53-162-221.plesk.page\/tr\/wp-json\/wp\/v2\/types\/page"}],"author":[{"embeddable":true,"href":"https:\/\/exciting-heisenberg.154-53-162-221.plesk.page\/tr\/wp-json\/wp\/v2\/users\/4"}],"replies":[{"embeddable":true,"href":"https:\/\/exciting-heisenberg.154-53-162-221.plesk.page\/tr\/wp-json\/wp\/v2\/comments?post=908"}],"version-history":[{"count":21,"href":"https:\/\/exciting-heisenberg.154-53-162-221.plesk.page\/tr\/wp-json\/wp\/v2\/pages\/908\/revisions"}],"predecessor-version":[{"id":2159,"href":"https:\/\/exciting-heisenberg.154-53-162-221.plesk.page\/tr\/wp-json\/wp\/v2\/pages\/908\/revisions\/2159"}],"wp:attachment":[{"href":"https:\/\/exciting-heisenberg.154-53-162-221.plesk.page\/tr\/wp-json\/wp\/v2\/media?parent=908"}],"curies":[{"name":"wp","href":"https:\/\/api.w.org\/{rel}","templated":true}]}}