{"id":912,"date":"2024-10-26T14:58:40","date_gmt":"2024-10-26T14:58:40","guid":{"rendered":"https:\/\/test.tziconsulting.com\/services\/"},"modified":"2025-03-11T11:03:22","modified_gmt":"2025-03-11T11:03:22","slug":"services","status":"publish","type":"page","link":"https:\/\/exciting-heisenberg.154-53-162-221.plesk.page\/tr\/services\/","title":{"rendered":"Hizmetlerimiz"},"content":{"rendered":"<div class=\"wp-block-uagb-container uagb-block-47f641d6 alignfull uagb-is-root-container\"><div class=\"uagb-container-inner-blocks-wrap\"><div class=\"wp-block-uagb-info-box uagb-block-25ac16a2 uagb-infobox__content-wrap  uagb-infobox-icon-above-title uagb-infobox-image-valign-top wp-block-uagb-info-box--has-margin\"><div class=\"uagb-infobox-margin-wrapper\"><div class=\"uagb-ifb-content\"><div class=\"uagb-ifb-title-wrap\"><h6 class=\"uagb-ifb-title-prefix\">Hizmetlerimiz<\/h6><h2 class=\"uagb-ifb-title\">Bilgiye ve tecr\u00fcbeye g\u00fcvenin<\/h2><\/div><\/div><\/div><\/div>\n\n<div class=\"wp-block-uagb-container uagb-block-ed2c2e06 alignfull uagb-is-root-container\"><div class=\"uagb-container-inner-blocks-wrap\"><div class=\"wp-block-uagb-info-box uagb-block-4d1b1cd4 uagb-infobox__content-wrap  uagb-infobox-icon-above-title uagb-infobox-image-valign-top wp-block-uagb-info-box--has-margin\"><div class=\"uagb-infobox-margin-wrapper\"><div class=\"uagb-ifb-content\"><div class=\"uagb-ifb-image-content\"><img decoding=\"async\" src=\"https:\/\/exciting-heisenberg.154-53-162-221.plesk.page\/wp-content\/uploads\/2021\/06\/services-1.jpg\" alt=\"\" width=\"500\" height=\"320\" loading=\"lazy\"\/><\/div><div class=\"uagb-ifb-title-wrap\"><h4 class=\"uagb-ifb-title\">Yeni projeler ve uygulamalar<\/h4><\/div><p class=\"uagb-ifb-desc\">Yeni bir proje ve\/veya uygulama i\u00e7in yan\u0131n\u0131zda olabiliriz.<\/p><\/div><\/div><\/div>\n\n<div class=\"wp-block-uagb-container uagb-block-5b23f554\"><figure class=\"wp-block-image size-full\"><img loading=\"lazy\" decoding=\"async\" width=\"1024\" height=\"1024\" src=\"https:\/\/exciting-heisenberg.154-53-162-221.plesk.page\/wp-content\/uploads\/2024\/12\/tzi_web_servisler.webp\" alt=\"\" class=\"wp-image-1889\" srcset=\"https:\/\/exciting-heisenberg.154-53-162-221.plesk.page\/wp-content\/uploads\/2024\/12\/tzi_web_servisler.webp 1024w, https:\/\/exciting-heisenberg.154-53-162-221.plesk.page\/wp-content\/uploads\/2024\/12\/tzi_web_servisler-300x300.webp 300w, https:\/\/exciting-heisenberg.154-53-162-221.plesk.page\/wp-content\/uploads\/2024\/12\/tzi_web_servisler-150x150.webp 150w, https:\/\/exciting-heisenberg.154-53-162-221.plesk.page\/wp-content\/uploads\/2024\/12\/tzi_web_servisler-768x768.webp 768w, https:\/\/exciting-heisenberg.154-53-162-221.plesk.page\/wp-content\/uploads\/2024\/12\/tzi_web_servisler-12x12.webp 12w, https:\/\/exciting-heisenberg.154-53-162-221.plesk.page\/wp-content\/uploads\/2024\/12\/tzi_web_servisler-600x600.webp 600w, https:\/\/exciting-heisenberg.154-53-162-221.plesk.page\/wp-content\/uploads\/2024\/12\/tzi_web_servisler-100x100.webp 100w\" sizes=\"auto, (max-width: 1024px) 100vw, 1024px\" \/><\/figure><\/div>\n\n<div class=\"wp-block-uagb-container uagb-block-fe0a0c96\"><div class=\"wp-block-uagb-info-box uagb-block-01f03b24 uagb-infobox__content-wrap  uagb-infobox-icon-above-title uagb-infobox-image-valign-top wp-block-uagb-info-box--has-margin\"><div class=\"uagb-infobox-margin-wrapper\"><div class=\"uagb-ifb-content\"><div class=\"uagb-ifb-image-content\"><img decoding=\"async\" src=\"https:\/\/exciting-heisenberg.154-53-162-221.plesk.page\/wp-content\/uploads\/2021\/06\/services-2.png\" alt=\"\" width=\"500\" height=\"320\" loading=\"lazy\"\/><\/div><div class=\"uagb-ifb-title-wrap\"><h4 class=\"uagb-ifb-title\">Bak\u0131m ve onar\u0131m<\/h4><\/div><p class=\"uagb-ifb-desc\">Geni\u015f bilgi birikimimiz ve engin deneyimimizle zorlu sorunlar\u0131n\u0131zda size yard\u0131mc\u0131 olmak i\u00e7in buraday\u0131z.<\/p><\/div><\/div><\/div><\/div>\n\n<div class=\"wp-block-uagb-container uagb-block-fa91d8ee\"><div class=\"wp-block-uagb-info-box uagb-block-85ac94c3 uagb-infobox__content-wrap  uagb-infobox-icon-above-title uagb-infobox-image-valign-top wp-block-uagb-info-box--has-margin\"><div class=\"uagb-infobox-margin-wrapper\"><div class=\"uagb-ifb-content\"><div class=\"uagb-ifb-image-content\"><img decoding=\"async\" src=\"https:\/\/exciting-heisenberg.154-53-162-221.plesk.page\/wp-content\/uploads\/2021\/06\/service-3-.png\" alt=\"\" width=\"500\" height=\"320\" loading=\"lazy\"\/><\/div><div class=\"uagb-ifb-title-wrap\"><h4 class=\"uagb-ifb-title\">\u0130yile\u015ftirmeler<\/h4><\/div><p class=\"uagb-ifb-desc\">Daha verimli, daha az maliyetli ve optimum \u00e7\u00f6z\u00fcmler i\u00e7in fikirlerimiz var.<\/p><\/div><\/div><\/div><\/div>\n\n<div class=\"wp-block-uagb-container uagb-block-a0dd5858\"><div class=\"wp-block-uagb-info-box uagb-block-0ff8ac76 uagb-infobox__content-wrap  uagb-infobox-icon-above-title uagb-infobox-image-valign-top wp-block-uagb-info-box--has-margin\"><div class=\"uagb-infobox-margin-wrapper\"><div class=\"uagb-ifb-content\"><div class=\"uagb-ifb-image-content\"><img decoding=\"async\" src=\"https:\/\/exciting-heisenberg.154-53-162-221.plesk.page\/wp-content\/uploads\/2021\/06\/metal-roof.jpg\" alt=\"\" width=\"500\" height=\"320\" loading=\"lazy\"\/><\/div><div class=\"uagb-ifb-title-wrap\"><h4 class=\"uagb-ifb-title\">Mevcut \u00e7\u00f6z\u00fcmler i\u00e7in uygulamalar\u0131 de\u011fi\u015ftirin<\/h4><\/div><p class=\"uagb-ifb-desc\">En g\u00fcncel ve gerekli de\u011fi\u015fiklikler i\u00e7in uygulama \u00e7al\u0131\u015fmalar\u0131 i\u00e7in \u00f6nerilerimiz var.<\/p><\/div><\/div><\/div><\/div>\n\n<div class=\"wp-block-uagb-container uagb-block-c05df28b\"><div class=\"wp-block-uagb-info-box uagb-block-7df92e38 uagb-infobox__content-wrap  uagb-infobox-icon-above-title uagb-infobox-image-valign-top wp-block-uagb-info-box--has-margin\"><div class=\"uagb-infobox-margin-wrapper\"><div class=\"uagb-ifb-content\"><div class=\"uagb-ifb-image-content\"><img decoding=\"async\" src=\"https:\/\/exciting-heisenberg.154-53-162-221.plesk.page\/wp-content\/uploads\/2021\/06\/vegetative-roof.jpg\" alt=\"\" width=\"500\" height=\"320\" loading=\"lazy\"\/><\/div><div class=\"uagb-ifb-title-wrap\"><h4 class=\"uagb-ifb-title\">\u00c7evre dostu uygulamalar ve \u00e7\u00f6z\u00fcmler<\/h4><\/div><p class=\"uagb-ifb-desc\">\u00c7evre dostu uygulamalar ve \u00e7\u00f6z\u00fcmlerle bir\u00e7ok \u015feyi de\u011fi\u015ftirmeye haz\u0131r\u0131z.<\/p><\/div><\/div><\/div><\/div>\n\n<div class=\"wp-block-uagb-container uagb-block-3412d6f5\"><div class=\"wp-block-uagb-info-box uagb-block-276597c3 uagb-infobox__content-wrap  uagb-infobox-icon-above-title uagb-infobox-image-valign-top wp-block-uagb-info-box--has-margin\"><div class=\"uagb-infobox-margin-wrapper\"><div class=\"uagb-ifb-content\"><div class=\"uagb-ifb-image-content\"><img decoding=\"async\" src=\"https:\/\/exciting-heisenberg.154-53-162-221.plesk.page\/wp-content\/uploads\/2021\/06\/metal-roof-1.jpg\" alt=\"\" width=\"500\" height=\"320\" loading=\"lazy\"\/><\/div><div class=\"uagb-ifb-title-wrap\"><h4 class=\"uagb-ifb-title\">Y\u00fcksek beklentiler ve \u00f6zel projeler<\/h4><\/div><p class=\"uagb-ifb-desc\">Farkl\u0131 ve yeni veya var olmayan yakla\u015f\u0131mlar ve projeler i\u00e7in iyi bir ortak olabiliriz.<\/p><\/div><\/div><\/div><\/div><\/div><\/div><\/div><\/div>","protected":false},"excerpt":{"rendered":"","protected":false},"author":4,"featured_media":0,"parent":0,"menu_order":0,"comment_status":"closed","ping_status":"closed","template":"","meta":{"_uag_custom_page_level_css":"","site-sidebar-layout":"no-sidebar","site-content-layout":"plain-container","ast-site-content-layout":"normal-width-container","site-content-style":"unboxed","site-sidebar-style":"unboxed","ast-global-header-display":"","ast-banner-title-visibility":"","ast-main-header-display":"","ast-hfb-above-header-display":"","ast-hfb-below-header-display":"","ast-hfb-mobile-header-display":"","site-post-title":"disabled","ast-breadcrumbs-content":"","ast-featured-img":"disabled","footer-sml-layout":"","theme-transparent-header-meta":"enabled","adv-header-id-meta":"","stick-header-meta":"","header-above-stick-meta":"","header-main-stick-meta":"","header-below-stick-meta":"","astra-migrate-meta-layouts":"set","ast-page-background-enabled":"default","ast-page-background-meta":{"desktop":{"background-color":"","background-image":"","background-repeat":"repeat","background-position":"center center","background-size":"auto","background-attachment":"scroll","background-type":"","background-media":"","overlay-type":"","overlay-color":"","overlay-opacity":"","overlay-gradient":""},"tablet":{"background-color":"","background-image":"","background-repeat":"repeat","background-position":"center center","background-size":"auto","background-attachment":"scroll","background-type":"","background-media":"","overlay-type":"","overlay-color":"","overlay-opacity":"","overlay-gradient":""},"mobile":{"background-color":"","background-image":"","background-repeat":"repeat","background-position":"center center","background-size":"auto","background-attachment":"scroll","background-type":"","background-media":"","overlay-type":"","overlay-color":"","overlay-opacity":"","overlay-gradient":""}},"ast-content-background-meta":{"desktop":{"background-color":"var(--ast-global-color-5)","background-image":"","background-repeat":"repeat","background-position":"center center","background-size":"auto","background-attachment":"scroll","background-type":"","background-media":"","overlay-type":"","overlay-color":"","overlay-opacity":"","overlay-gradient":""},"tablet":{"background-color":"var(--ast-global-color-5)","background-image":"","background-repeat":"repeat","background-position":"center center","background-size":"auto","background-attachment":"scroll","background-type":"","background-media":"","overlay-type":"","overlay-color":"","overlay-opacity":"","overlay-gradient":""},"mobile":{"background-color":"var(--ast-global-color-5)","background-image":"","background-repeat":"repeat","background-position":"center center","background-size":"auto","background-attachment":"scroll","background-type":"","background-media":"","overlay-type":"","overlay-color":"","overlay-opacity":"","overlay-gradient":""}},"_themeisle_gutenberg_block_has_review":false,"iawp_total_views":1,"footnotes":""},"class_list":["post-912","page","type-page","status-publish","hentry"],"uagb_featured_image_src":{"full":false,"thumbnail":false,"medium":false,"medium_large":false,"large":false,"1536x1536":false,"2048x2048":false,"trp-custom-language-flag":false,"woocommerce_thumbnail":false,"woocommerce_single":false,"woocommerce_gallery_thumbnail":false},"uagb_author_info":{"display_name":"batuhan.gumus","author_link":"https:\/\/exciting-heisenberg.154-53-162-221.plesk.page\/tr\/author\/batuhan-gumus\/"},"uagb_comment_info":0,"uagb_excerpt":null,"jetpack_sharing_enabled":true,"_links":{"self":[{"href":"https:\/\/exciting-heisenberg.154-53-162-221.plesk.page\/tr\/wp-json\/wp\/v2\/pages\/912","targetHints":{"allow":["GET"]}}],"collection":[{"href":"https:\/\/exciting-heisenberg.154-53-162-221.plesk.page\/tr\/wp-json\/wp\/v2\/pages"}],"about":[{"href":"https:\/\/exciting-heisenberg.154-53-162-221.plesk.page\/tr\/wp-json\/wp\/v2\/types\/page"}],"author":[{"embeddable":true,"href":"https:\/\/exciting-heisenberg.154-53-162-221.plesk.page\/tr\/wp-json\/wp\/v2\/users\/4"}],"replies":[{"embeddable":true,"href":"https:\/\/exciting-heisenberg.154-53-162-221.plesk.page\/tr\/wp-json\/wp\/v2\/comments?post=912"}],"version-history":[{"count":13,"href":"https:\/\/exciting-heisenberg.154-53-162-221.plesk.page\/tr\/wp-json\/wp\/v2\/pages\/912\/revisions"}],"predecessor-version":[{"id":2160,"href":"https:\/\/exciting-heisenberg.154-53-162-221.plesk.page\/tr\/wp-json\/wp\/v2\/pages\/912\/revisions\/2160"}],"wp:attachment":[{"href":"https:\/\/exciting-heisenberg.154-53-162-221.plesk.page\/tr\/wp-json\/wp\/v2\/media?parent=912"}],"curies":[{"name":"wp","href":"https:\/\/api.w.org\/{rel}","templated":true}]}}