{"id":914,"date":"2024-10-26T14:58:41","date_gmt":"2024-10-26T14:58:41","guid":{"rendered":"https:\/\/test.tziconsulting.com\/contact\/"},"modified":"2025-03-11T11:01:32","modified_gmt":"2025-03-11T11:01:32","slug":"contact","status":"publish","type":"page","link":"https:\/\/exciting-heisenberg.154-53-162-221.plesk.page\/tr\/contact\/","title":{"rendered":"\u0130leti\u015fim"},"content":{"rendered":"<div class=\"wp-block-uagb-container uagb-block-7c5f23a6 alignfull uagb-is-root-container\"><div class=\"uagb-container-inner-blocks-wrap\"><div class=\"wp-block-uagb-image alignleft uagb-block-2372ca12 wp-block-uagb-image--layout-default wp-block-uagb-image--effect-static wp-block-uagb-image--align-left\"><figure class=\"wp-block-uagb-image__figure\"><img decoding=\"async\" srcset=\"https:\/\/exciting-heisenberg.154-53-162-221.plesk.page\/wp-content\/uploads\/2021\/06\/contact-us-1.jpg ,https:\/\/exciting-heisenberg.154-53-162-221.plesk.page\/wp-content\/uploads\/2021\/06\/contact-us-1.jpg 780w, https:\/\/exciting-heisenberg.154-53-162-221.plesk.page\/wp-content\/uploads\/2021\/06\/contact-us-1.jpg 360w\" sizes=\"auto, (max-width: 480px) 150px\" src=\"https:\/\/exciting-heisenberg.154-53-162-221.plesk.page\/wp-content\/uploads\/2021\/06\/contact-us-1.jpg\" alt=\"\" class=\"uag-image-381\" width=\"500\" height=\"672\" title=\"\" loading=\"lazy\" role=\"img\"\/><\/figure><\/div>\n\n<div class=\"wp-block-uagb-container uagb-block-f19cfdb9\"><div class=\"wp-block-uagb-info-box uagb-block-2dc7f645 uagb-infobox__content-wrap  uagb-infobox-icon-above-title uagb-infobox-image-valign-top wp-block-uagb-info-box--has-margin\"><div class=\"uagb-infobox-margin-wrapper\"><div class=\"uagb-ifb-content\"><div class=\"uagb-ifb-title-wrap\"><h6 class=\"uagb-ifb-title-prefix\">\u0130leti\u015fime Ge\u00e7in<\/h6><h2 class=\"uagb-ifb-title\">Herhangi Bir Soru?<br>A\u015fa\u011f\u0131dan Bize Ula\u015f\u0131n<\/h2><\/div><\/div><\/div><\/div>\n\n<div class=\"wp-block-uagb-forms uagb-forms__outer-wrap uagb-block-9c926699 uagb-forms__medium-btn\"><form class=\"uagb-forms-main-form\" method=\"post\" autocomplete=\"on\" name=\"uagb-form-9c926699\" action=\"\"><div class=\"wp-block-uagb-forms-name uagb-forms-name-wrap uagb-forms-field-set uagb-block-b67a3dac\"><div class=\"uagb-forms-name-label required uagb-forms-input-label\" id=\"b67a3dac\">First Name<\/div><input type=\"text\" placeholder=\"Ad\u0131n\u0131z\u0131 Soyad\u0131n\u0131z\u0131 Girin\" required class=\"uagb-forms-name-input uagb-forms-input\" name=\"b67a3dac\" autocomplete=\"given-name\"\/><\/div>\n\n<div class=\"wp-block-uagb-forms-name uagb-forms-name-wrap uagb-forms-field-set uagb-block-43c54d59\"><div class=\"uagb-forms-name-label required uagb-forms-input-label\" id=\"43c54d59\">Last Name<\/div><input type=\"text\" placeholder=\"Telefon Numaras\u0131\" required class=\"uagb-forms-name-input uagb-forms-input\" name=\"43c54d59\" autocomplete=\"given-name\"\/><\/div>\n\n<div class=\"wp-block-uagb-forms-email uagb-forms-email-wrap uagb-forms-field-set uagb-block-3bd99cc3\"><div class=\"uagb-forms-email-label  uagb-forms-input-label\" id=\"3bd99cc3\">Email<\/div><input type=\"email\" class=\"uagb-forms-email-input uagb-forms-input\" placeholder=\"E-posta Adresiniz\" name=\"3bd99cc3\" autocomplete=\"email\"\/><\/div>\n\n<div class=\"wp-block-uagb-forms-name uagb-forms-name-wrap uagb-forms-field-set uagb-block-0455204e\"><div class=\"uagb-forms-name-label required uagb-forms-input-label\" id=\"0455204e\">Last Name<\/div><input type=\"text\" placeholder=\"Hizmet A\u00e7\u0131klamas\u0131\" required class=\"uagb-forms-name-input uagb-forms-input\" name=\"0455204e\" autocomplete=\"given-name\"\/><\/div>\n\n<div class=\"wp-block-uagb-forms-textarea uagb-forms-textarea-wrap uagb-forms-field-set uagb-block-2987237b\"><div class=\"uagb-forms-textarea-label required uagb-forms-input-label\" id=\"2987237b\">Mesaj\u0131n\u0131z<\/div><textarea required class=\"uagb-forms-textarea-input uagb-forms-input\" rows=\"4\" placeholder=\"Mesaj\u0131n\u0131z\" name=\"2987237b\" autocomplete=\"off\"><\/textarea><\/div><div class=\"uagb-forms-form-hidden-data\"><input type=\"hidden\" class=\"uagb_forms_form_label\" value=\"Spectra Form\"\/><input type=\"hidden\" class=\"uagb_forms_form_id\" value=\"uagb-form-9c926699\"\/><\/div><div class=\"uagb-form-reacaptcha-error-9c926699\"><\/div><div class=\"uagb-forms-main-submit-button-wrap wp-block-button\"><button class=\"uagb-forms-main-submit-button wp-block-button__link\"><div class=\"uagb-forms-main-submit-button-text\">SEND message<\/div><\/button><\/div><input type=\"hidden\" name=\"trp-form-language\" value=\"tr\"\/><\/form><div class=\"uagb-forms-success-message-9c926699 uagb-forms-submit-message-hide\"><span>The form has been submitted successfully!<\/span><\/div><div class=\"uagb-forms-failed-message-9c926699 uagb-forms-submit-message-hide\"><span>There has been some error while submitting the form. Please verify all form fields again.<\/span><\/div><\/div><\/div><\/div><\/div><div class=\"wp-block-uagb-container uagb-block-a7d1aba8 alignfull uagb-is-root-container\"><div class=\"uagb-container-inner-blocks-wrap\"><div class=\"wp-block-uagb-container uagb-block-79d1f716\"><div class=\"wp-block-uagb-advanced-heading uagb-block-a20267a8\"><h5 class=\"uagb-heading-text\">Ana Ofis<\/h5><div class=\"uagb-separator\"><\/div><\/div>\n\n<div class=\"wp-block-uagb-info-box uagb-block-454bb8b6 uagb-infobox__content-wrap  uagb-infobox-icon-left uagb-infobox-left uagb-infobox-image-valign-top wp-block-uagb-info-box--has-margin\"><div class=\"uagb-infobox-margin-wrapper\"><div class=\"uagb-ifb-icon-wrap\"><svg xmlns=\"https:\/\/www.w3.org\/2000\/svg\" viewbox=\"0 0 448 512\"><path d=\"M285.6 444.1C279.8 458.3 264.8 466.3 249.8 463.4C234.8 460.4 223.1 447.3 223.1 432V256H47.1C32.71 256 19.55 245.2 16.6 230.2C13.65 215.2 21.73 200.2 35.88 194.4L387.9 50.38C399.8 45.5 413.5 48.26 422.6 57.37C431.7 66.49 434.5 80.19 429.6 92.12L285.6 444.1z\"><\/path><\/svg><\/div><div class=\"uagb-ifb-content\"><div class=\"uagb-ifb-title-wrap\"><h6 class=\"uagb-ifb-title\"><strong>\u00c7eliktepe Mah., Suadiye Cad., No:44\/1,  Ka\u011f\u0131thane,  \u0130stanbul<\/strong><br>T\u00fcrkiye<\/h6><\/div><p class=\"uagb-ifb-desc\">Ana Ofis<\/p><\/div><\/div><\/div><\/div>\n\n<div class=\"wp-block-uagb-container uagb-block-92df4c59\"><div class=\"wp-block-uagb-advanced-heading uagb-block-3d8b5970\"><h5 class=\"uagb-heading-text\"><strong>Bizi Aray\u0131n<\/strong><\/h5><div class=\"uagb-separator\"><\/div><\/div>\n\n<div class=\"wp-block-uagb-info-box uagb-block-cf570308 uagb-infobox__content-wrap  uagb-infobox-icon-left uagb-infobox-left uagb-infobox-image-valign-top wp-block-uagb-info-box--has-margin\"><div class=\"uagb-infobox-margin-wrapper\"><div class=\"uagb-ifb-icon-wrap\"><svg xmlns=\"https:\/\/www.w3.org\/2000\/svg\" viewbox=\"0 0 512 512\"><path d=\"M511.2 387l-23.25 100.8c-3.266 14.25-15.79 24.22-30.46 24.22C205.2 512 0 306.8 0 54.5c0-14.66 9.969-27.2 24.22-30.45l100.8-23.25C139.7-2.602 154.7 5.018 160.8 18.92l46.52 108.5c5.438 12.78 1.77 27.67-8.98 36.45L144.5 207.1c33.98 69.22 90.26 125.5 159.5 159.5l44.08-53.8c8.688-10.78 23.69-14.51 36.47-8.975l108.5 46.51C506.1 357.2 514.6 372.4 511.2 387z\"><\/path><\/svg><\/div><div class=\"uagb-ifb-content\"><div class=\"uagb-ifb-title-wrap\"><h6 class=\"uagb-ifb-title\"><strong><strong>+90 542 485 86 49<\/strong><\/strong><br>+90 212 284 10 21<\/h6><\/div><p class=\"uagb-ifb-desc\">Pzt \u2013 Cum: 09:00 \u2013 20:00<\/p><\/div><\/div><\/div><\/div>\n\n<div class=\"wp-block-uagb-container uagb-block-916547aa\"><div class=\"wp-block-uagb-advanced-heading uagb-block-95679770\"><h5 class=\"uagb-heading-text\"><strong><strong>E-posta G\u00f6nderin<\/strong><\/strong><\/h5><div class=\"uagb-separator\"><\/div><\/div>\n\n<div class=\"wp-block-uagb-info-box uagb-block-866813ec uagb-infobox__content-wrap  uagb-infobox-icon-left uagb-infobox-left uagb-infobox-image-valign-top wp-block-uagb-info-box--has-margin\"><div class=\"uagb-infobox-margin-wrapper\"><div class=\"uagb-ifb-icon-wrap\"><svg xmlns=\"https:\/\/www.w3.org\/2000\/svg\" viewbox=\"0 0 512 512\"><path d=\"M464 64C490.5 64 512 85.49 512 112C512 127.1 504.9 141.3 492.8 150.4L275.2 313.6C263.8 322.1 248.2 322.1 236.8 313.6L19.2 150.4C7.113 141.3 0 127.1 0 112C0 85.49 21.49 64 48 64H464zM217.6 339.2C240.4 356.3 271.6 356.3 294.4 339.2L512 176V384C512 419.3 483.3 448 448 448H64C28.65 448 0 419.3 0 384V176L217.6 339.2z\"><\/path><\/svg><\/div><div class=\"uagb-ifb-content\"><div class=\"uagb-ifb-title-wrap\"><h6 class=\"uagb-ifb-title\"><strong>info@tziconsulting.com<\/strong><\/h6><\/div><p class=\"uagb-ifb-desc\">E-postan\u0131z, ihtiya\u00e7lar\u0131n\u0131za g\u00f6re y\u00f6nlendirilecektir.<\/p><\/div><\/div><\/div><\/div><\/div><\/div><div class=\"wp-block-uagb-container uagb-block-55cff983 alignfull uagb-is-root-container\"><div class=\"uagb-container-inner-blocks-wrap\"><div \n\t\t\tclass=\"wp-block-uagb-google-map uagb-google-map__wrap uagb-block-b0a71848\"\n\t\t\tstyle=\"\" >\n\t\t\t\t<embed\n\t\t\t\t\tclass=\"uagb-google-map__iframe\"\n\t\t\t\t\ttitle=\"Google Map for \"\n\t\t\t\t\tsrc=\"https:\/\/maps.google.com\/maps?q=tzi&#038;z=17&#038;hl=en&#038;t=m&#038;output=embed&#038;iwloc=near\"\n\t\t\t\t\twidth=\"640\"\n\t\t\t\t\theight=\"450\"\n\t\t\t\t\tloading=\"lazy\"\n\t\t\t\t><\/embed>\n\t\t\t<\/div><\/div><\/div>","protected":false},"excerpt":{"rendered":"<p>Main Office Make a Call\u200b Send a Mail\u200b<\/p>","protected":false},"author":4,"featured_media":0,"parent":0,"menu_order":0,"comment_status":"closed","ping_status":"closed","template":"","meta":{"_uag_custom_page_level_css":"","site-sidebar-layout":"no-sidebar","site-content-layout":"plain-container","ast-site-content-layout":"normal-width-container","site-content-style":"unboxed","site-sidebar-style":"unboxed","ast-global-header-display":"","ast-banner-title-visibility":"","ast-main-header-display":"","ast-hfb-above-header-display":"","ast-hfb-below-header-display":"","ast-hfb-mobile-header-display":"","site-post-title":"disabled","ast-breadcrumbs-content":"","ast-featured-img":"disabled","footer-sml-layout":"","theme-transparent-header-meta":"enabled","adv-header-id-meta":"","stick-header-meta":"","header-above-stick-meta":"","header-main-stick-meta":"","header-below-stick-meta":"","astra-migrate-meta-layouts":"set","ast-page-background-enabled":"default","ast-page-background-meta":{"desktop":{"background-color":"","background-image":"","background-repeat":"repeat","background-position":"center center","background-size":"auto","background-attachment":"scroll","background-type":"","background-media":"","overlay-type":"","overlay-color":"","overlay-opacity":"","overlay-gradient":""},"tablet":{"background-color":"","background-image":"","background-repeat":"repeat","background-position":"center center","background-size":"auto","background-attachment":"scroll","background-type":"","background-media":"","overlay-type":"","overlay-color":"","overlay-opacity":"","overlay-gradient":""},"mobile":{"background-color":"","background-image":"","background-repeat":"repeat","background-position":"center center","background-size":"auto","background-attachment":"scroll","background-type":"","background-media":"","overlay-type":"","overlay-color":"","overlay-opacity":"","overlay-gradient":""}},"ast-content-background-meta":{"desktop":{"background-color":"var(--ast-global-color-5)","background-image":"","background-repeat":"repeat","background-position":"center center","background-size":"auto","background-attachment":"scroll","background-type":"","background-media":"","overlay-type":"","overlay-color":"","overlay-opacity":"","overlay-gradient":""},"tablet":{"background-color":"var(--ast-global-color-5)","background-image":"","background-repeat":"repeat","background-position":"center center","background-size":"auto","background-attachment":"scroll","background-type":"","background-media":"","overlay-type":"","overlay-color":"","overlay-opacity":"","overlay-gradient":""},"mobile":{"background-color":"var(--ast-global-color-5)","background-image":"","background-repeat":"repeat","background-position":"center center","background-size":"auto","background-attachment":"scroll","background-type":"","background-media":"","overlay-type":"","overlay-color":"","overlay-opacity":"","overlay-gradient":""}},"_themeisle_gutenberg_block_has_review":false,"iawp_total_views":3,"footnotes":""},"class_list":["post-914","page","type-page","status-publish","hentry"],"uagb_featured_image_src":{"full":false,"thumbnail":false,"medium":false,"medium_large":false,"large":false,"1536x1536":false,"2048x2048":false,"trp-custom-language-flag":false,"woocommerce_thumbnail":false,"woocommerce_single":false,"woocommerce_gallery_thumbnail":false},"uagb_author_info":{"display_name":"batuhan.gumus","author_link":"https:\/\/exciting-heisenberg.154-53-162-221.plesk.page\/tr\/author\/batuhan-gumus\/"},"uagb_comment_info":0,"uagb_excerpt":"Main Office Make a Call\u200b Send a Mail\u200b","jetpack_sharing_enabled":true,"_links":{"self":[{"href":"https:\/\/exciting-heisenberg.154-53-162-221.plesk.page\/tr\/wp-json\/wp\/v2\/pages\/914","targetHints":{"allow":["GET"]}}],"collection":[{"href":"https:\/\/exciting-heisenberg.154-53-162-221.plesk.page\/tr\/wp-json\/wp\/v2\/pages"}],"about":[{"href":"https:\/\/exciting-heisenberg.154-53-162-221.plesk.page\/tr\/wp-json\/wp\/v2\/types\/page"}],"author":[{"embeddable":true,"href":"https:\/\/exciting-heisenberg.154-53-162-221.plesk.page\/tr\/wp-json\/wp\/v2\/users\/4"}],"replies":[{"embeddable":true,"href":"https:\/\/exciting-heisenberg.154-53-162-221.plesk.page\/tr\/wp-json\/wp\/v2\/comments?post=914"}],"version-history":[{"count":9,"href":"https:\/\/exciting-heisenberg.154-53-162-221.plesk.page\/tr\/wp-json\/wp\/v2\/pages\/914\/revisions"}],"predecessor-version":[{"id":2158,"href":"https:\/\/exciting-heisenberg.154-53-162-221.plesk.page\/tr\/wp-json\/wp\/v2\/pages\/914\/revisions\/2158"}],"wp:attachment":[{"href":"https:\/\/exciting-heisenberg.154-53-162-221.plesk.page\/tr\/wp-json\/wp\/v2\/media?parent=914"}],"curies":[{"name":"wp","href":"https:\/\/api.w.org\/{rel}","templated":true}]}}